{"id":964,"date":"2025-03-17T14:28:04","date_gmt":"2025-03-17T14:28:04","guid":{"rendered":"https:\/\/renacvah.sn\/?page_id=964"},"modified":"2025-05-28T13:55:46","modified_gmt":"2025-05-28T13:55:46","slug":"ressources","status":"publish","type":"page","link":"https:\/\/renacvah.sn\/index.php\/ressources\/","title":{"rendered":"Ressources"},"content":{"rendered":"<!DOCTYPE html>\n<html lang=\"fr\">\n<head>\n    <meta charset=\"UTF-8\">\n    <meta name=\"viewport\" content=\"width=device-width, initial-scale=1.0\">\n    <title>Ressources &#8211; RENACVAH<\/title>\n    <style>\n        body {\n            font-family: Arial, sans-serif;\n            margin: 0;\n            padding: 0;\n            background-color: #f4f4f4;\n        }\n        .container {\n            width: 80%;\n            margin: auto;\n            padding: 20px;\n            text-align: center;\n        }\n        h1, h2 {\n            color: #2C3E50;\n        }\n        .resource-card {\n            background: white;\n            padding: 20px;\n            border-radius: 8px;\n            box-shadow: 0 0 10px rgba(0, 0, 0, 0.1);\n            max-width: 600px;\n            margin: 0 auto 30px; \/* Centrage + espacement vertical *\/\n            text-align: center;\n        }\n        .resource-card a {\n            color: #27ae60;\n            text-decoration: none;\n            font-weight: bold;\n        }\n        .resource-card a:hover {\n            text-decoration: underline;\n        }\n    <\/style>\n<\/head>\n<body>\n    <div class=\"container\">\n        <h1>Ressources<\/h1>\n        <p>Retrouvez ici des guides, \u00e9tudes et documents pour mieux comprendre la fili\u00e8re ostr\u00e9icole au S\u00e9n\u00e9gal.<\/p>\n\n        <div class=\"resource-card\">\n            <h2>Rapport Global Journ\u00e9e de l&#8217;hu\u00eetre <\/h2>\n            <p>Un rapport global de la journ\u00e9e nationale de l&#8217;huitre (JNH).<\/p>\n            <a href=\"https:\/\/renacvah.sn\/wp-content\/uploads\/2025\/03\/Rapport-global-de-la-Journee-Nationale-de-lHuitre-JNH-2.pdf\" target=\"_blank\">T\u00e9l\u00e9charger le rapport<\/a>\n        <\/div>\n\n        \n    <\/div>\n<\/body>\n<\/html>","protected":false},"excerpt":{"rendered":"<p>Ressources &#8211; RENACVAH Ressources Retrouvez ici des guides, \u00e9tudes et documents pour mieux comprendre la fili\u00e8re ostr\u00e9icole au S\u00e9n\u00e9gal. Rapport Global Journ\u00e9e de l&#8217;hu\u00eetre Un rapport global de la journ\u00e9e nationale de l&#8217;huitre (JNH). T\u00e9l\u00e9charger le rapport<\/p>\n","protected":false},"author":1,"featured_media":0,"parent":0,"menu_order":0,"comment_status":"closed","ping_status":"closed","template":"","meta":{"saved_in_kubio":true,"postBodyMargin":[],"postBodyPadding":[],"postBodyBackground":{"backgroundType":"classic","gradient":""},"footnotes":""},"class_list":["post-964","page","type-page","status-publish","hentry"],"kubio_ai_page_context":{"short_desc":"","purpose":"general"},"_links":{"self":[{"href":"https:\/\/renacvah.sn\/index.php\/wp-json\/wp\/v2\/pages\/964","targetHints":{"allow":["GET"]}}],"collection":[{"href":"https:\/\/renacvah.sn\/index.php\/wp-json\/wp\/v2\/pages"}],"about":[{"href":"https:\/\/renacvah.sn\/index.php\/wp-json\/wp\/v2\/types\/page"}],"author":[{"embeddable":true,"href":"https:\/\/renacvah.sn\/index.php\/wp-json\/wp\/v2\/users\/1"}],"replies":[{"embeddable":true,"href":"https:\/\/renacvah.sn\/index.php\/wp-json\/wp\/v2\/comments?post=964"}],"version-history":[{"count":15,"href":"https:\/\/renacvah.sn\/index.php\/wp-json\/wp\/v2\/pages\/964\/revisions"}],"predecessor-version":[{"id":1804,"href":"https:\/\/renacvah.sn\/index.php\/wp-json\/wp\/v2\/pages\/964\/revisions\/1804"}],"wp:attachment":[{"href":"https:\/\/renacvah.sn\/index.php\/wp-json\/wp\/v2\/media?parent=964"}],"curies":[{"name":"wp","href":"https:\/\/api.w.org\/{rel}","templated":true}]}}