{"id":1302,"date":"2025-03-21T13:58:08","date_gmt":"2025-03-21T13:58:08","guid":{"rendered":"https:\/\/renacvah.sn\/?page_id=1302"},"modified":"2025-03-21T13:58:08","modified_gmt":"2025-03-21T13:58:08","slug":"formulaire-dadhesion","status":"publish","type":"page","link":"https:\/\/renacvah.sn\/index.php\/formulaire-dadhesion\/","title":{"rendered":"Formulaire d&#8217;adh\u00e9sion"},"content":{"rendered":"<section class=\"adhesion-container\">\n   \n    <\/div>\n\n    <!-- Conteneur pour le formulaire et la section \"Besoin d'aide\" -->\n    <div class=\"form-contact-container\">\n        <!-- Formulaire d'adh\u00e9sion -->\n        <div class=\"adhesion-form\">\n            <h2>Formulaire d&#8217;adh\u00e9sion<\/h2>\n            <form>\n                <input type=\"text\" placeholder=\"Votre nom\" required>\n                <input type=\"email\" placeholder=\"Votre email\" required>\n                <input type=\"tel\" placeholder=\"Votre t\u00e9l\u00e9phone\" required>\n                <input type=\"text\" placeholder=\"Votre organisation (si applicable)\">\n                <select required>\n                    <option value=\"\" disabled selected>Votre r\u00f4le dans la fili\u00e8re<\/option>\n                    <option value=\"Producteur\">Producteur<\/option>\n                    <option value=\"Transformateur\">Transformateur<\/option>\n                    <option value=\"Distributeur\">Distributeur<\/option>\n                    <option value=\"Chercheur\">Chercheur<\/option>\n                    <option value=\"Institution\">Institution<\/option>\n                <\/select>\n                <textarea placeholder=\"Votre message (facultatif)\"><\/textarea>\n                <button type=\"submit\">Adh\u00e9rer maintenant<\/button>\n            <\/form>\n        <\/div>\n\n        <!-- Section \"Besoin d'aide\" -->\n        <div class=\"contact\">\n            <h2>Besoin d&#8217;aide ?<\/h2>\n            <p>\ud83d\udce7 Email : contact@renacvah.sn<\/p>\n            <p>\ud83d\udcde T\u00e9l\u00e9phone : +221 77 123 45 67<\/p>\n            <a href=\"https:\/\/wa.me\/221771234567\" class=\"whatsapp-button\">\ud83d\udcf2 Contacter sur WhatsApp<\/a>\n        <\/div>\n    <\/div>\n<\/section>\n\n<style>\n\/* Styles g\u00e9n\u00e9raux *\/\nbody {\n    font-family: 'Roboto', sans-serif;\n    background-color: #f4f4f9;\n    color: #333;\n    margin: 0;\n    padding: 0;\n}\n\n\/* Conteneur principal *\/\n.adhesion-container {\n    max-width: 1100px;\n    margin: 40px auto;\n    background: #fff;\n    padding: 20px;\n    border-radius: 10px;\n    box-shadow: 0 4px 20px rgba(0, 0, 0, 0.1);\n}\n\n\/* En-t\u00eate *\/\n.header {\n    text-align: center;\n    padding: 20px;\n    background-color: #2C5BA7;\n    color: white;\n    border-radius: 10px;\n}\n\n.header h1 {\n    font-size: 32px;\n}\n\n.header p {\n    font-size: 18px;\n}\n\n\/* Conteneur pour le formulaire et la section \"Besoin d'aide\" *\/\n.form-contact-container {\n    display: flex;\n    justify-content: space-between;\n    gap: 40px;\n    padding: 40px 0;\n}\n\n\/* Formulaire d'adh\u00e9sion *\/\n.adhesion-form {\n    flex: 1;\n    background: #f9f9f9;\n    padding: 30px;\n    border-radius: 10px;\n    box-shadow: 0 4px 15px rgba(0, 0, 0, 0.1);\n}\n\nform {\n    display: flex;\n    flex-direction: column;\n}\n\ninput, select, textarea {\n    width: 100%;\n    padding: 15px;\n    margin: 10px 0;\n    border: 2px solid #2C5BA7;\n    border-radius: 5px;\n    font-size: 16px;\n    transition: border-color 0.3s ease;\n}\n\ninput:focus, select:focus, textarea:focus {\n    border-color: #1e4489;\n}\n\nbutton {\n    background: #2C5BA7;\n    color: white;\n    padding: 15px;\n    border: none;\n    border-radius: 5px;\n    font-size: 18px;\n    cursor: pointer;\n    transition: background 0.3s ease;\n}\n\nbutton:hover {\n    background: #1e4489;\n}\n\n\/* Section \"Besoin d'aide\" *\/\n.contact {\n    flex: 1;\n    background: #eef3f9;\n    padding: 30px;\n    border-radius: 10px;\n    box-shadow: 0 4px 15px rgba(0, 0, 0, 0.1);\n    text-align: center;\n}\n\n.contact h2 {\n    font-size: 28px;\n    color: #2C5BA7;\n}\n\n.contact p {\n    font-size: 16px;\n    color: #333;\n}\n\n.whatsapp-button {\n    display: inline-block;\n    background: #25D366;\n    color: white;\n    padding: 12px 20px;\n    border-radius: 5px;\n    text-decoration: none;\n    font-size: 18px;\n    margin-top: 20px;\n    transition: background 0.3s ease;\n}\n\n.whatsapp-button:hover {\n    background: #1ebd59;\n}\n\n\/* Responsivit\u00e9 *\/\n@media (max-width: 768px) {\n    .form-contact-container {\n        flex-direction: column;\n        gap: 20px;\n    }\n\n    .adhesion-form, .contact {\n        flex: 1;\n    }\n\n    .header h1 {\n        font-size: 28px;\n    }\n}\n<\/style><p><\/p>","protected":false},"excerpt":{"rendered":"<p>Formulaire d&#8217;adh\u00e9sion Votre r\u00f4le dans la fili\u00e8reProducteurTransformateurDistributeurChercheurInstitution Adh\u00e9rer maintenant Besoin d&#8217;aide ? \ud83d\udce7 Email : contact@renacvah.sn \ud83d\udcde T\u00e9l\u00e9phone : +221 77 123 45 67 \ud83d\udcf2 Contacter sur WhatsApp<\/p>\n","protected":false},"author":1,"featured_media":0,"parent":0,"menu_order":0,"comment_status":"closed","ping_status":"closed","template":"","meta":{"saved_in_kubio":false,"postBodyMargin":[],"postBodyPadding":[],"postBodyBackground":{"backgroundType":"classic","gradient":""},"footnotes":""},"class_list":["post-1302","page","type-page","status-publish","hentry"],"kubio_ai_page_context":{"short_desc":"","purpose":"general"},"_links":{"self":[{"href":"https:\/\/renacvah.sn\/index.php\/wp-json\/wp\/v2\/pages\/1302","targetHints":{"allow":["GET"]}}],"collection":[{"href":"https:\/\/renacvah.sn\/index.php\/wp-json\/wp\/v2\/pages"}],"about":[{"href":"https:\/\/renacvah.sn\/index.php\/wp-json\/wp\/v2\/types\/page"}],"author":[{"embeddable":true,"href":"https:\/\/renacvah.sn\/index.php\/wp-json\/wp\/v2\/users\/1"}],"replies":[{"embeddable":true,"href":"https:\/\/renacvah.sn\/index.php\/wp-json\/wp\/v2\/comments?post=1302"}],"version-history":[{"count":1,"href":"https:\/\/renacvah.sn\/index.php\/wp-json\/wp\/v2\/pages\/1302\/revisions"}],"predecessor-version":[{"id":1304,"href":"https:\/\/renacvah.sn\/index.php\/wp-json\/wp\/v2\/pages\/1302\/revisions\/1304"}],"wp:attachment":[{"href":"https:\/\/renacvah.sn\/index.php\/wp-json\/wp\/v2\/media?parent=1302"}],"curies":[{"name":"wp","href":"https:\/\/api.w.org\/{rel}","templated":true}]}}